{"id":3081,"date":"2024-06-25T17:38:58","date_gmt":"2024-06-25T15:38:58","guid":{"rendered":"https:\/\/bresil.diplomatie.gov.bf\/?page_id=3081"},"modified":"2024-08-28T18:37:21","modified_gmt":"2024-08-28T16:37:21","slug":"cooperation-bilaterale","status":"publish","type":"page","link":"https:\/\/bresil.diplomatie.gov.bf\/index.php\/cooperation-bilaterale\/","title":{"rendered":"Coop\u00e9ration bilat\u00e9rale"},"content":{"rendered":"\t\t<div data-elementor-type=\"wp-page\" data-elementor-id=\"3081\" class=\"elementor elementor-3081\" data-elementor-post-type=\"page\">\n\t\t\t\t<div data-particle_enable=\"false\" data-particle-mobile-disabled=\"false\" class=\"elementor-element elementor-element-9563b1d e-flex e-con-boxed e-con e-parent\" data-id=\"9563b1d\" data-element_type=\"container\" data-e-type=\"container\">\n\t\t\t\t\t<div class=\"e-con-inner\">\n\t\t\t\t<div class=\"elementor-element elementor-element-49e0fca elementor-widget elementor-widget-text-editor\" data-id=\"49e0fca\" data-element_type=\"widget\" data-e-type=\"widget\" data-widget_type=\"text-editor.default\">\n\t\t\t\t<div class=\"elementor-widget-container\">\n\t\t\t\t\t\t\t\t\t<h4><strong>Les relations bilat\u00e9rales<\/strong><\/h4><p>Le Br\u00e9sil a reconnu l&rsquo;ind\u00e9pendance de l&rsquo;ex-Haute-Volta (nom adopt\u00e9 par le Burkina Faso jusqu&rsquo;en ao\u00fbt 1984) en 1960 et a \u00e9tabli des relations diplomatiques avec le pays en 1975. Les relations bilat\u00e9rales se sont intensifi\u00e9es dans les ann\u00e9es 2000, notamment avec l&rsquo;ouverture de l&rsquo;ambassade du Br\u00e9sil \u00e0 Ouagadougou. (2007) et l&rsquo;Ambassade du Burkina Faso \u00e0 Brasilia en (2009). La premi\u00e8re r\u00e9union de la Commission mixte bilat\u00e9rale a eu lieu \u00e0 Brasilia, en juin 2010.<\/p><p>Le Br\u00e9sil a fourni une coop\u00e9ration technique aux pays africains \u00e0 travers des projets visant \u00e0 promouvoir la s\u00e9curit\u00e9 alimentaire et \u00e0 lutter contre la pauvret\u00e9, tels que le renforcement des Laboratoires nationales de sant\u00e9 publique et le D\u00e9veloppement de l&rsquo;\u00e9levage laitier. Il existe \u00e9galement des initiatives de coop\u00e9ration bilat\u00e9rale dans les secteurs de l\u2019humanitaire, de la D\u00e9fense et des Biocarburants.<\/p><p>Avec le Mali, le B\u00e9nin, le Tchad et le Togo, le Burkina Faso est l&rsquo;un des b\u00e9n\u00e9ficiaires de\u00a0<em>Cotton-4+Togo<\/em>, un projet de coop\u00e9ration technique br\u00e9silien qui vise \u00e0 augmenter la production de coton dans ces pays.<\/p><h4><strong>Chronologie des relations bilat\u00e9rales<\/strong><\/h4><ul><li><strong>1960<\/strong>\u00a0\u2013 Le Br\u00e9sil reconna\u00eet l&rsquo;ind\u00e9pendance de la Haute-Volta (13 ao\u00fbt)<\/li><li><strong>1965<\/strong>\u00a0\u2013 Visite au Br\u00e9sil du pr\u00e9sident Maurice Yam\u00e9ogo<\/li><li><strong>1975<\/strong>\u00a0\u2013 Le Br\u00e9sil et la Haute-Volta \u00e9tablissent des relations diplomatiques (8 octobre)<\/li><li><strong>1999<\/strong>\u00a0\u2013 Visite au Br\u00e9sil du Ministre de l&rsquo;Agriculture, Alassene Sere<\/li><li><strong>2000<\/strong>\u00a0\u2013 L&rsquo;ambassade du Br\u00e9sil \u00e0 Accra (Ghana) devient responsable cumulativement des relations avec le Burkina Faso<\/li><li><strong>2003<\/strong>\u00a0\u2013 Visite au Br\u00e9sil du pr\u00e9sident Blaise Compaor\u00e9 (septembre)<\/li><li><strong>2005<\/strong>\u00a0\u2013 Visite au Br\u00e9sil du ministre des Affaires \u00e9trang\u00e8res Youssouf Ou\u00e9draogo (ao\u00fbt) ; signature de l&rsquo;accord de base de coop\u00e9ration technique<\/li><li><strong>2007<\/strong>\u00a0\u2013 Visite du pr\u00e9sident Luiz In\u00e1cio Lula da Silva \u00e0 Ouagadougou (octobre). Un d\u00e9cret pr\u00e9sidentiel cr\u00e9e une ambassade du Br\u00e9sil r\u00e9sidant \u00e0 Ouagadougou<\/li><li><strong>2008<\/strong>\u00a0\u2013 Visite au Br\u00e9sil du ministre des Affaires \u00e9trang\u00e8res Djibril Bassol\u00e9 (janvier) ; d\u00e9marrage des activit\u00e9s de l&rsquo;ambassade du Br\u00e9sil \u00e0 Ouagadougou (septembre) ; visite au Br\u00e9sil du ministre du Commerce, Mamadou Sanou (octobre)<\/li><li><strong>2009<\/strong>\u00a0\u2013 Visite au Br\u00e9sil du ministre des Affaires \u00e9trang\u00e8res Alain Yoda. Signature de l&rsquo;accord de coop\u00e9ration culturelle et ouverture de l&rsquo;ambassade du Burkina Faso r\u00e9sidant \u00e0 Brasilia (novembre)<\/li><li><strong>2010<\/strong>\u00a0\u2013 Visite au Br\u00e9sil du Ministre des Transports, Gilbert Ouedrag. Tenue de la 1\u00e8re r\u00e9union de la Commission mixte bilat\u00e9rale \u00e0 Brasilia (juin)<\/li><li><strong>2012<\/strong>\u00a0\u2013 Visite au Br\u00e9sil du ministre de l&rsquo;Agriculture, Laurent Sedogo<\/li><li><strong>2012\u00a0<\/strong>\u2013\u00a0L&rsquo;arm\u00e9e de l&rsquo;air du Burkina Faso acquiert trois avions EMB-314, appel\u00e9s Super Tucano, et le pays devient la premi\u00e8re nation \u00e0 exploiter le mod\u00e8le br\u00e9silien en Afrique.<\/li><li><strong>2013<\/strong>\u00a0\u2013 R\u00e9union de suivi de la 1\u00e8re r\u00e9union de la Commission mixte bilat\u00e9rale \u00e0 Brasilia (juin)<\/li><li><strong>2015\u00a0<\/strong>\u2013\u00a0La compagnie a\u00e9rienne nationale du Burkina Faso, Air Burkina, acquiert deux autres avions Embraer E170. Sa flotte est compos\u00e9e d&rsquo;avions produits par la compagnie br\u00e9silienne.<\/li><li><strong>2016\u00a0\u00a0<\/strong>\u00a0\u2013 1\u00e8re r\u00e9union du comit\u00e9 de pilotage du projet Coton-4 + Togo, \u00e0 Brasilia (25 au 29 avril)\u00a0\u00a0<\/li><\/ul>\t\t\t\t\t\t\t\t<\/div>\n\t\t\t\t<\/div>\n\t\t\t\t<div class=\"elementor-element elementor-element-751da66 eael-divider-center elementor-widget elementor-widget-eael-divider\" data-id=\"751da66\" data-element_type=\"widget\" data-e-type=\"widget\" data-widget_type=\"eael-divider.default\">\n\t\t\t\t<div class=\"elementor-widget-container\">\n\t\t\t\t\t\t\t<div class=\"eael-divider-wrap divider-direction-horizontal\">\n\t\t\t\t\t\t\t<div class=\"divider-text-container\">\n\t\t\t\t\t<div class=\"divider-text-wrap\">\n\t\t\t\t\t\t\t\t\t\t\t\t\t<span class=\"divider-border-wrap divider-border-left\">\n\t\t\t\t\t\t\t\t<span class=\"divider-border\"><\/span>\n\t\t\t\t\t\t\t<\/span>\n\t\t\t\t\t\t\t\t\t\t\t\t<span class=\"eael-divider-content\">\n\t\t\t\t\t\t\t\t\t\t\t\t\t\t\t<span class=\"eael-divider-icon\">\n\t\t\t\t\t\t\t\t\t\t\t\t\t\t\t\t\t\t\t<svg aria-hidden=\"false\" class=\"e-font-icon-svg e-fas-star\" viewBox=\"0 0 576 512\" xmlns=\"http:\/\/www.w3.org\/2000\/svg\"><path d=\"M259.3 17.8L194 150.2 47.9 171.5c-26.2 3.8-36.7 36.1-17.7 54.6l105.7 103-25 145.5c-4.5 26.3 23.2 46 46.4 33.7L288 439.6l130.7 68.7c23.2 12.2 50.9-7.4 46.4-33.7l-25-145.5 105.7-103c19-18.5 8.5-50.8-17.7-54.6L382 150.2 316.7 17.8c-11.7-23.6-45.6-23.9-57.4 0z\"><\/path><\/svg>\t\t\t\t\t\t\t\t\t\t\t\t\t\t\t\t\t<\/span>\n\t\t\t\t\t\t\t\t\t\t\t\t\t<\/span>\n\t\t\t\t\t\t\t\t\t\t\t\t\t<span class=\"divider-border-wrap divider-border-right\">\n\t\t\t\t\t\t\t\t<span class=\"divider-border\"><\/span>\n\t\t\t\t\t\t\t<\/span>\n\t\t\t\t\t\t\t\t\t\t\t<\/div>\n\t\t\t\t<\/div>\n\t\t\t\t\t<\/div>\n\t\t\t\t<\/div>\n\t\t\t\t<\/div>\n\t\t\t\t<div class=\"elementor-element elementor-element-b4835e2 elementor-widget elementor-widget-spacer\" data-id=\"b4835e2\" data-element_type=\"widget\" data-e-type=\"widget\" data-widget_type=\"spacer.default\">\n\t\t\t\t<div class=\"elementor-widget-container\">\n\t\t\t\t\t\t\t<div class=\"elementor-spacer\">\n\t\t\t<div class=\"elementor-spacer-inner\"><\/div>\n\t\t<\/div>\n\t\t\t\t\t\t<\/div>\n\t\t\t\t<\/div>\n\t\t\t\t\t<\/div>\n\t\t\t\t<\/div>\n\t\t\t\t<\/div>\n\t\t","protected":false},"excerpt":{"rendered":"<p>Les relations bilat\u00e9rales Le Br\u00e9sil a reconnu l&rsquo;ind\u00e9pendance de l&rsquo;ex-Haute-Volta (nom adopt\u00e9 par le Burkina Faso jusqu&rsquo;en ao\u00fbt 1984) en 1960 et a \u00e9tabli des relations diplomatiques avec le pays en 1975. Les relations bilat\u00e9rales se sont intensifi\u00e9es dans les ann\u00e9es 2000, notamment avec l&rsquo;ouverture de l&rsquo;ambassade du Br\u00e9sil \u00e0 Ouagadougou. (2007) et l&rsquo;Ambassade du [&hellip;]<\/p>\n","protected":false},"author":4,"featured_media":0,"parent":0,"menu_order":0,"comment_status":"closed","ping_status":"closed","template":"elementor_header_footer","meta":{"_acf_changed":false,"_monsterinsights_skip_tracking":false,"_monsterinsights_sitenote_active":false,"_monsterinsights_sitenote_note":"","_monsterinsights_sitenote_category":0,"footnotes":""},"class_list":["post-3081","page","type-page","status-publish","hentry"],"acf":[],"_links":{"self":[{"href":"https:\/\/bresil.diplomatie.gov.bf\/index.php\/wp-json\/wp\/v2\/pages\/3081","targetHints":{"allow":["GET"]}}],"collection":[{"href":"https:\/\/bresil.diplomatie.gov.bf\/index.php\/wp-json\/wp\/v2\/pages"}],"about":[{"href":"https:\/\/bresil.diplomatie.gov.bf\/index.php\/wp-json\/wp\/v2\/types\/page"}],"author":[{"embeddable":true,"href":"https:\/\/bresil.diplomatie.gov.bf\/index.php\/wp-json\/wp\/v2\/users\/4"}],"replies":[{"embeddable":true,"href":"https:\/\/bresil.diplomatie.gov.bf\/index.php\/wp-json\/wp\/v2\/comments?post=3081"}],"version-history":[{"count":7,"href":"https:\/\/bresil.diplomatie.gov.bf\/index.php\/wp-json\/wp\/v2\/pages\/3081\/revisions"}],"predecessor-version":[{"id":4779,"href":"https:\/\/bresil.diplomatie.gov.bf\/index.php\/wp-json\/wp\/v2\/pages\/3081\/revisions\/4779"}],"wp:attachment":[{"href":"https:\/\/bresil.diplomatie.gov.bf\/index.php\/wp-json\/wp\/v2\/media?parent=3081"}],"curies":[{"name":"wp","href":"https:\/\/api.w.org\/{rel}","templated":true}]}}