{"id":3059,"date":"2024-06-25T17:22:52","date_gmt":"2024-06-25T15:22:52","guid":{"rendered":"https:\/\/bresil.diplomatie.gov.bf\/?page_id=3059"},"modified":"2024-06-26T19:09:23","modified_gmt":"2024-06-26T17:09:23","slug":"visa","status":"publish","type":"page","link":"https:\/\/bresil.diplomatie.gov.bf\/index.php\/visa\/","title":{"rendered":"VISA"},"content":{"rendered":"\t\t<div data-elementor-type=\"wp-page\" data-elementor-id=\"3059\" class=\"elementor elementor-3059\" data-elementor-post-type=\"page\">\n\t\t\t\t<div data-particle_enable=\"false\" data-particle-mobile-disabled=\"false\" class=\"elementor-element elementor-element-f3521da e-con-full e-flex e-con e-parent\" data-id=\"f3521da\" data-element_type=\"container\" data-e-type=\"container\">\n\t\t\t\t<div class=\"elementor-element elementor-element-6bc0d78 elementor-widget elementor-widget-text-editor\" data-id=\"6bc0d78\" data-element_type=\"widget\" data-e-type=\"widget\" data-widget_type=\"text-editor.default\">\n\t\t\t\t<div class=\"elementor-widget-container\">\n\t\t\t\t\t\t\t\t\t<p><span style=\"font-family: Liberation Serif, serif\"><span style=\"font-size: large\">Le visa est une autorisation expresse accord\u00e9e par un consulat \u00e0 l\u2019ext\u00e9rieur du Burkina \u00e0 une personne \u00e9trang\u00e8re qui en fait la demande pour lui permettre d\u2019entrer au Burkina afin d\u2019y s\u00e9journer l\u00e9galement durant le temps imparti. Le visa burkinab\u00e8 se pr\u00e9sente pour le moment sous la forme d\u2019un cachet humide ou d\u2019une vignette (timbre) appos\u00e9 sur le passeport du demandeur.<\/span><\/span><\/p><p><span style=\"font-size: large\"><span style=\"font-family: Liberation Serif, serif\">Les demandes de visas pour les <\/span><strong><span style=\"font-family: Liberation Serif, serif\">passeports ordinaires <\/span><\/strong><span style=\"font-family: Liberation Serif, serif\">peuvent \u00eatre d\u00e9sormais soumis par les usagers eux-m\u00eames, en ligne sur le site internet <\/span><span style=\"font-family: Liberation Serif, serif\"><u><a href=\"https:\/\/www.visaburkina.bf\/\">https:\/\/www.visaburkina.bf\/<\/a><\/u><\/span><span style=\"font-family: Liberation Serif, serif\"> . Ce site permet aux usagers de faire le processus de demande et de s\u2019acquitter directement des frais de visa par un portefeuille \u00e9lectronique s\u00e9curis\u00e9.<\/span><\/span><\/p><p><span style=\"font-family: Liberation Serif, serif\"><span style=\"font-size: large\">Les demandes de visas pour les <\/span><\/span><strong><span style=\"font-family: Liberation Serif, serif\"><span style=\"font-size: large\">passeports diplomatiques<\/span><\/span><\/strong><span style=\"font-family: Liberation Serif, serif\"><span style=\"font-size: large\">, <\/span><\/span><strong><span style=\"font-family: Liberation Serif, serif\"><span style=\"font-size: large\">de services<\/span><\/span><\/strong><span style=\"font-family: Liberation Serif, serif\"><span style=\"font-size: large\"> et <\/span><\/span><strong><span style=\"font-family: Liberation Serif, serif\"><span style=\"font-size: large\">Laissez passer des nations unies<\/span><\/span><\/strong><span style=\"font-family: Liberation Serif, serif\"><span style=\"font-size: large\"> sont trait\u00e9es par l\u2019Ambassade du Burkina Faso.<\/span><\/span><\/p><p><span style=\"font-family: Liberation Serif, serif\"><span style=\"font-size: large\">PI\u00c8CES A FOURNIR :<\/span><\/span><\/p><ol><li><p><span style=\"font-family: Liberation Serif, serif\"><span style=\"font-size: large\">La validit\u00e9 du passeport doit \u00eatre sup\u00e9rieure \u00e0 06 mois apr\u00e8s la fin du s\u00e9jour <\/span><\/span><\/p><\/li><li><p><span style=\"font-family: Liberation Serif, serif\"><span style=\"font-size: large\">Une photocopie du passeport du demandeur ; <\/span><\/span><\/p><\/li><li><p><span style=\"font-family: Liberation Serif, serif\"><span style=\"font-size: large\">Un formulaire \u00e0 remplir en int\u00e9gralit\u00e9, dat\u00e9 et sign\u00e9; <\/span><\/span><\/p><\/li><li><p><span style=\"font-family: Liberation Serif, serif\"><span style=\"font-size: large\">Une photo d\u2019identit\u00e9 format 4,5 sur 3,5 cm sur fond blanc (pas de photocopie ni de photo scann\u00e9e) ; <\/span><\/span><\/p><\/li><li><p><span style=\"font-family: Liberation Serif, serif\"><span style=\"font-size: large\">Justificatif du voyage (Copie du billet d\u2019avion + ordre de mission ou attestation de prise en charge ou certificat de travail ou d\u2019h\u00e9bergement ou r\u00e9servation d\u2019h\u00f4tel ou note verbale etc.). <\/span><\/span><\/p><\/li><li><p><span style=\"font-family: Liberation Serif, serif\"><span style=\"font-size: large\">Une copie du carnet de vaccination <\/span><\/span><\/p><\/li><\/ol>\t\t\t\t\t\t\t\t<\/div>\n\t\t\t\t<\/div>\n\t\t\t\t<\/div>\n\t\t\t\t<\/div>\n\t\t","protected":false},"excerpt":{"rendered":"<p>Le visa est une autorisation expresse accord\u00e9e par un consulat \u00e0 l\u2019ext\u00e9rieur du Burkina \u00e0 une personne \u00e9trang\u00e8re qui en fait la demande pour lui permettre d\u2019entrer au Burkina afin d\u2019y s\u00e9journer l\u00e9galement durant le temps imparti. Le visa burkinab\u00e8 se pr\u00e9sente pour le moment sous la forme d\u2019un cachet humide ou d\u2019une vignette (timbre) [&hellip;]<\/p>\n","protected":false},"author":4,"featured_media":0,"parent":0,"menu_order":0,"comment_status":"closed","ping_status":"closed","template":"","meta":{"_acf_changed":false,"_monsterinsights_skip_tracking":false,"_monsterinsights_sitenote_active":false,"_monsterinsights_sitenote_note":"","_monsterinsights_sitenote_category":0,"footnotes":""},"class_list":["post-3059","page","type-page","status-publish","hentry"],"acf":[],"_links":{"self":[{"href":"https:\/\/bresil.diplomatie.gov.bf\/index.php\/wp-json\/wp\/v2\/pages\/3059","targetHints":{"allow":["GET"]}}],"collection":[{"href":"https:\/\/bresil.diplomatie.gov.bf\/index.php\/wp-json\/wp\/v2\/pages"}],"about":[{"href":"https:\/\/bresil.diplomatie.gov.bf\/index.php\/wp-json\/wp\/v2\/types\/page"}],"author":[{"embeddable":true,"href":"https:\/\/bresil.diplomatie.gov.bf\/index.php\/wp-json\/wp\/v2\/users\/4"}],"replies":[{"embeddable":true,"href":"https:\/\/bresil.diplomatie.gov.bf\/index.php\/wp-json\/wp\/v2\/comments?post=3059"}],"version-history":[{"count":4,"href":"https:\/\/bresil.diplomatie.gov.bf\/index.php\/wp-json\/wp\/v2\/pages\/3059\/revisions"}],"predecessor-version":[{"id":3902,"href":"https:\/\/bresil.diplomatie.gov.bf\/index.php\/wp-json\/wp\/v2\/pages\/3059\/revisions\/3902"}],"wp:attachment":[{"href":"https:\/\/bresil.diplomatie.gov.bf\/index.php\/wp-json\/wp\/v2\/media?parent=3059"}],"curies":[{"name":"wp","href":"https:\/\/api.w.org\/{rel}","templated":true}]}}